{"id":420,"date":"2018-09-06T16:08:23","date_gmt":"2018-09-06T14:08:23","guid":{"rendered":"http:\/\/www.ristoranteirma.it\/it\/?page_id=420"},"modified":"2018-09-06T16:09:53","modified_gmt":"2018-09-06T14:09:53","slug":"privacy-679","status":"publish","type":"page","link":"https:\/\/www.ristoranteirma.it\/it\/?page_id=420","title":{"rendered":"Privacy 679"},"content":{"rendered":"<h2><strong>INFORMATIVA PRIVACY<\/strong><\/h2>\n<h3><strong>Diritti dell&#8217;utente<\/strong><\/h3>\n<p>Ai sensi del Regolamento europeo 679\/2016 (GDPR) e della normativa nazionale, l&#8217;Utente pu\u00f2, secondo le modalit\u00e0 e nei limiti previsti dalla vigente normativa, esercitare i seguenti diritti:<\/p>\n<p>&#8211; richiedere la conferma dell&#8217;esistenza di dati personali che lo riguardano (diritto di accesso);<br \/>\n&#8211; conoscerne l&#8217;origine;<br \/>\n&#8211; riceverne comunicazione intelligibile;<br \/>\n&#8211; avere informazioni circa la logica, le modalit\u00e0 e le finalit\u00e0 del trattamento;<br \/>\n&#8211; richiederne l&#8217;aggiornamento, la rettifica, l&#8217;integrazione, la cancellazione, la trasformazione in forma anonima, il blocco dei dati trattati in violazione di legge, ivi compresi quelli non pi\u00f9 necessari al perseguimento degli scopi per i quali sono stati raccolti;<br \/>\n&#8211; nei casi di trattamento basato su consenso, ricevere al solo costo dell\u2019eventuale supporto, i suoi dati forniti al titolare, in forma strutturata e leggibile da un elaboratore di dati e in un formato comunemente usato da un dispositivo elettronico;<br \/>\n&#8211; il diritto di presentare un reclamo all\u2019Autorit\u00e0 di controllo (Garante Privacy)<br \/>\n&#8211; nonch\u00e9, pi\u00f9 in generale, esercitare tutti i diritti che gli sono riconosciuti dalle vigenti disposizioni di legge.<\/p>\n<p>Le richieste vanno rivolte al Titolare del trattamento.<\/p>\n<p>Nel caso in cui i dati siano trattati in base ai\u00a0<strong>legittimi interessi<\/strong>\u00a0sono comunque garantiti i diritti degli interessati al trattamento (tranne il diritto alla portabilit\u00e0 che non \u00e8 previsto dalle norme), in particolare il diritto di opposizione al trattamento che pu\u00f2 essere esercitato inviando una richiesta al titolare del trattamento.<\/p>\n<h2><\/h2>\n<h2>TITOLARE DEL TRATTAMENTO<\/h2>\n<p>Il titolare del trattamento della \u00a0<strong>IRMA S.n.c di Martini Paolo, Francesco &amp;C:<\/strong><\/p>\n<h2><strong>\u00c8 il Sig.\/Sig.ra <\/strong><strong>PAOLO MARTINI<\/strong><\/h2>\n<h2><strong>Raggiungibile ed interpellabile ai seguenti recapiti<\/strong><\/h2>\n<h2><strong>Mail: <\/strong><a href=\"mailto:info@ristoranteirma.it\">info@ristoranteirma.it<\/a><\/h2>\n<h2><strong>Tel.: <\/strong><strong>0445714233<\/strong><\/h2>\n<h2><strong>Cell 3397791826<\/strong><\/h2>\n<h2><strong>Indirizzo (sede operativa) Via Crosara, 1 \u2013 36011 Arsiero \u2013VI-<\/strong><\/h2>\n<p><strong>\u00a0<\/strong><\/p>\n<h2><strong>\u00a0<\/strong><\/h2>\n<h2><strong>INFORMATIVA ESTESA<\/strong><\/h2>\n<p>In ottemperanza degli obblighi derivanti dalla normativa nazionale (D. Lgs 30 giugno 2003 n. 196, Codice in materia di protezione dei dati personali) e comunitaria, (Regolamento europeo per la protezione dei dati personali n. 679\/2016, GDPR) e successive modifiche, il presente sito rispetta e tutela la riservatezza dei visitatori e degli utenti, ponendo in essere ogni sforzo possibile e proporzionato per non ledere i diritti degli utenti.<\/p>\n<p>La presente privacy policy si applica alle attivit\u00e0 online del presente sito ed \u00e8 valida per i visitatori\/utenti del sito. Si applica anche alle informazioni raccolte tramite canali diversi dal presente sito web.\u00a0Lo scopo dell&#8217;informativa privacy \u00e8 di fornire la massima trasparenza relativamente alle informazioni che il sito raccoglie e come le usa.<\/p>\n<p><strong>Il presente sito tratta i dati in base al consenso.<\/strong>\u00a0Con l&#8217;uso o la consultazione del presente sito i visitatori e gli utenti approvano esplicitamente la presente informativa privacy e acconsentono al trattamento dei loro dati personali in relazione alle modalit\u00e0 e alle finalit\u00e0 di seguito descritte, compreso l&#8217;eventuale diffusione a terzi se necessaria per l&#8217;erogazione di un servizio.<br \/>\nIl conferimento dei dati e quindi il Consenso alla raccolta e al trattamento dei dati \u00e8 facoltativo, l&#8217;Utente pu\u00f2 negare il consenso, e pu\u00f2 revocare in qualsiasi momento un consenso gi\u00e0 fornito (tramite il\u00a0link\u00a0a fondo pagina). Tuttavia negare il consenso pu\u00f2 comportare l&#8217;impossibilit\u00e0 di erogare alcuni servizi e l&#8217;esperienza di navigazione nel sito potrebbe essere compromessa.<\/p>\n<h2>A partire dal 25 maggio 2018 (data di entrata in vigore del GDPR), il presente sito tratter\u00e0 alcuni dei dati in base ai legittimi interessi del titolare del trattamento.<\/h2>\n<h3><strong>Dati raccolti e finalit\u00e0<\/strong><\/h3>\n<p>Come tutti i siti web anche il presente sito fa uso di log files nei quali vengono conservate<strong>\u00a0informazioni raccolte in maniera automatizzata<\/strong>\u00a0durante le visite degli utenti. Le informazioni raccolte potrebbero essere le seguenti:<\/p>\n<p>&#8211; indirizzo internet protocol (IP);<br \/>\n&#8211; tipo di browser e parametri del dispositivo usato per connettersi al sito;<br \/>\n&#8211; nome dell&#8217;internet service provider (ISP);<br \/>\n&#8211; data e orario di visita;<br \/>\n&#8211; pagina web di provenienza del visitatore (referral) e di uscita;<br \/>\n&#8211; eventualmente il numero di click.<\/p>\n<p>Le suddette informazioni sono trattate in forma automatizzata e raccolte in forma esclusivamente aggregata al fine di verificare il corretto funzionamento del sito, e per motivi di sicurezza (dal 25 maggio 2018 tali informazioni saranno trattate in base ai legittimi interessi del titolare).<br \/>\nA fini di sicurezza (filtri antispam, firewall, rilevazione virus), i dati registrati automaticamente possono eventualmente comprendere anche dati personali come l&#8217;indirizzo Ip, che potrebbe essere utilizzato, conformemente alle leggi vigenti in materia, al fine di bloccare tentativi di danneggiamento al sito medesimo o di recare danno ad altri utenti, o comunque attivit\u00e0 dannose o costituenti reato. Tali dati non sono mai utilizzati per l&#8217;identificazione o la profilazione dell&#8217;utente, ma solo a fini di tutela del sito e dei suoi utenti (dal 25 maggio 2018 tali informazioni saranno trattate in base ai legittimi interessi del titolare).<\/p>\n<h2>Qualora il sito consenta l&#8217;inserimento di commenti, oppure in caso di specifici servizi richiesti dall&#8217;utente, il sito rileva automaticamente e registra alcuni\u00a0<strong>dati identificativi dell&#8217;utente<\/strong>, compreso l\u2019indirizzo mail. Tali dati si intendono\u00a0<strong>volontariamente forniti dall&#8217;utente al momento della richiesta di erogazione del servizio<\/strong>. Inserendo un commento o altra informazione l&#8217;utente accetta espressamente l&#8217;informativa privacy, e in particolare acconsente che i contenuti inseriti siano liberamente diffusi anche a terzi.<\/h2>\n<h2><\/h2>\n<h3><strong>Cookie<\/strong><\/h3>\n<p>Come \u00e8 d&#8217;uso su tutti i siti web, anche questo sito fa uso di cookies, piccoli file di testo che consentono di conservare informazioni sulle preferenze dei visitatori, per migliorare le funzionalit\u00e0 del sito, per semplificarne la navigazione automatizzando le procedure (es. Login, lingua sito) e per l&#8217;analisi dell&#8217;uso del sito.<\/p>\n<p>I\u00a0<strong>cookie di sessione<\/strong>\u00a0sono essenziali per poter distinguere tra gli utenti collegati, e sono utili per evitare che una funzionalit\u00e0 richiesta possa essere fornita all&#8217;utente sbagliato, nonch\u00e9 per fini di sicurezza per impedire attacchi informatici al sito. I cookie di sessione non contengono dati personali e durano per la sola sessione in corso, cio\u00e8 fino alla chiusura del browser. Per essi non occorre consenso.<br \/>\nI\u00a0<strong>functionality cookie<\/strong>\u00a0utilizzati dal sito sono strettamente necessari per l&#8217;uso del sito, in particolare sono collegati ad una espressa richiesta di funzionalit\u00e0 da parte dell&#8217;utente (come il Login), per i quali non occorre alcun consenso.<\/p>\n<p><strong>\u00a0Utilizzando il sito il visitatore acconsente espressamente all&#8217;uso dei cookies.<\/strong><\/p>\n<p>&nbsp;<\/p>\n<p>&nbsp;<\/p>\n<h4><strong>Disabilitazione cookie<\/strong><\/h4>\n<p>I cookies sono collegati al browser utilizzato e\u00a0POSSONO ESSERE DISABILITATI DIRETTAMENTE DAL BROWSER, cos\u00ec rifiutando\/revocando il consenso all&#8217;uso dei cookies. Occorre tenere presente che la disabilitazione dei cookies potrebbe impedire il corretto utilizzo di alcune funzioni del sito stesso.<br \/>\nLe istruzioni per la disabilitazione dei cookies si trovano alle seguenti pagine web:<\/p>\n<p><a href=\"https:\/\/support.mozilla.org\/it\/kb\/Attivare%20e%20disattivare%20i%20cookie\">Mozilla Firefox<\/a>\u00a0&#8211;\u00a0<a href=\"https:\/\/support.microsoft.com\/it-it\/help\/17442\/windows-internet-explorer-delete-manage-cookies\">Microsoft Internet Explorer<\/a>\u00a0&#8211;\u00a0<a href=\"https:\/\/support.microsoft.com\/it-it\/help\/4027947\/windows-delete-cookies\">Microsoft Edge<\/a>\u00a0&#8211;\u00a0<a href=\"https:\/\/support.google.com\/chrome\/answer\/95647?hl=it\">Google Chrome<\/a>\u00a0&#8211;\u00a0<a href=\"http:\/\/help.opera.com\/Windows\/10.00\/it\/cookies.html\">Opera<\/a>\u00a0&#8211;\u00a0<a href=\"https:\/\/support.apple.com\/it-it\/HT201265\">Apple Safari<\/a><\/p>\n<p>&nbsp;<\/p>\n<h4><strong>Cookies di terze parti<\/strong><\/h4>\n<p>Il presente sito funge anche da<strong>\u00a0intermediario per cookies di terze parti<\/strong>, utilizzati per poter fornire ulteriori servizi e funzionalit\u00e0 ai visitatori e per migliorare l&#8217;uso del sito stesso, come i pulsanti per i social, oppure video. Questo sito non ha alcun controllo sui cookie delle terze parti, interamente gestiti dalle terze parti. In conseguenza di ci\u00f2 le informazioni sull&#8217;uso dei detti cookies e sulle finalit\u00e0 degli stessi, nonch\u00e9 sulle modalit\u00e0 per l&#8217;eventuale disabilitazione, sono fornite direttamente dalle terze parti alle pagine indicate di seguito.<\/p>\n<p>In particolare il presente sito utilizza cookies delle seguenti terze parti:<\/p>\n<p>&nbsp;<\/p>\n<ul>\n<li><strong>Google\u00a0Analytics<\/strong>:<\/li>\n<li>uno strumento di analisi di Google che attraverso l&#8217;uso di cookies (performance cookies), raccoglie dati di navigazione anonimi (IP troncati all&#8217;ultimo ottetto) ed esclusivamente aggregati allo scopo di esaminare l&#8217;uso del sito da parte degli utenti, compilare report sulle attivit\u00e0 nel sito e fornire altre informazioni, compreso il numero dei visitatori e le pagine visitate. Google pu\u00f2 anche trasferire queste informazioni a terzi ove ci\u00f2 sia imposto dalla legge o laddove tali terzi trattino le suddette informazioni per conto di Google. Google non assocer\u00e0 l&#8217;indirizzo Ip a nessun altro dato posseduto da Google. I dati trasmessi a Google sono depositati presso i server di Google negli Stati Uniti.<br \/>\nIn base a specifico accordo con Google, che \u00e8 designato quale responsabile del trattamento dei dati, questi si impegna a trattare i dati in base alle richieste del Titolare (vedi in fondo all&#8217;informativa), impartite tramite le impostazioni del software. In base a tali impostazioni le opzioni pubblicitarie e di condivisione dei dati sono disattive.<\/li>\n<\/ul>\n<p>Ulteriori informazioni sui cookies di Google Analytics si trovano alla pagina\u00a0<a href=\"https:\/\/developers.google.com\/analytics\/devguides\/collection\/analyticsjs\/cookie-usage\">Google Analytics Cookie Usage on Websites<\/a>.<\/p>\n<p>L&#8217;utente pu\u00f2 disabilitare in modo selettivo la raccolta di dati da parte di Google Analytics installando sul proprio browser l&#8217;<a href=\"https:\/\/tools.google.com\/dlpage\/gaoptout\">apposito componente fornito da Google<\/a>\u00a0(opt out).<\/p>\n<p>&nbsp;<\/p>\n<ul>\n<li><strong>Youtube<\/strong>:<\/li>\n<li>una piattaforma di propriet\u00e0 di Google, per la condivisione di video, che utilizza cookie per raccogliere informazioni degli utenti e dei dispositivi di navigazione. I video presenti nel sito non veicolano cookie all&#8217;accesso della pagina, essendo stata impostata l&#8217;opzione &#8220;<a href=\"https:\/\/support.google.com\/youtube\/answer\/171780?expand=PrivacyEnhancedMode#privacy\">privacy avanzata (no cookie)<\/a>&#8221; in base alla quale YouTube non memorizza le informazioni sui visitatori a meno che essi non riproducano volontariamente il video.<\/li>\n<\/ul>\n<p>cookie: test_cookie .doubleclick.net\u00a0non \u00e8 un cookie permanente, ma \u00e8 utilizzato per verificare se il browser dell&#8217;utente supporta i cookie.<\/p>\n<p>Per ulteriori informazioni sull&#8217;uso dei dati e sul loro trattamento da parte di Google si raccomanda di prendere visione delle informazioni all&#8217;apposita\u00a0<a href=\"https:\/\/www.google.com\/intl\/it\/policies\/privacy\/\">pagina predisposta da Google<\/a>, e alla pagina sulle\u00a0<a href=\"https:\/\/policies.google.com\/privacy\/partners?hl=it\">Modalit\u00e0 di utilizzo dei dati da parte di Google quando si utilizzano siti o app dei partner<\/a>.<\/p>\n<p>&nbsp;<\/p>\n<h4><strong>\u00a0<\/strong><\/h4>\n<h4><strong>Plugin Social Network<\/strong><\/h4>\n<p>Il presente sito incorpora anche plugin e\/o bottoni per i social network, al fine di consentire una facile condivisione dei contenuti sui vostri social network preferiti. Tali plugin sono programmati in modo da non impostare alcun cookie all&#8217;accesso della pagina, per salvaguardare la privacy degli utenti. Eventualmente i cookie vengono impostati, se cos\u00ec previsto dai social network, solo quando l&#8217;utente fa effettivo e volontario uso del plugin. Si tenga presente che se l&#8217;utente naviga essendo loggato nel social network allora ha gi\u00e0 acconsentito all&#8217;uso dei cookie veicolati tramite questo sito al momento dell&#8217;iscrizione al social network.<br \/>\nLa raccolta e l&#8217;uso delle informazioni ottenute a mezzo del plugin sono regolati dalle rispettive informative privacy dei social network, alle quali si prega di fare riferimento.<\/p>\n<h2>&#8211;\u00a0<a href=\"https:\/\/www.facebook.com\/about\/privacy\/\">Facebook<\/a>\u00a0&#8211; (<a href=\"https:\/\/www.facebook.com\/help\/cookies\/\">link informativa cookie<\/a>)<br \/>\n&#8211;\u00a0<a href=\"https:\/\/twitter.com\/privacy?lang=it\">Twitter<\/a>\u00a0&#8211; (<a href=\"https:\/\/support.twitter.com\/articles\/20170519-uso-dei-cookie-e-di-altre-tecnologie-simili-da-parte-di-twitter\">link informativa cookie<\/a>)<br \/>\n&#8211;\u00a0<a href=\"https:\/\/www.linkedin.com\/legal\/privacy-policy\">LinkedIn<\/a>\u00a0&#8211; (<a href=\"https:\/\/www.linkedin.com\/legal\/cookie-policy\">link informativa cookie<\/a>)<br \/>\n&#8211;\u00a0<a href=\"http:\/\/www.google.com\/intl\/it\/policies\/privacy\/\">Google+<\/a>\u00a0&#8211; (<a href=\"http:\/\/www.google.it\/intl\/it\/policies\/technologies\/cookies\/\">link informativa cookie<\/a>).<\/h2>\n<h2>COSA SONO I COOKIES<\/h2>\n<p>Il cookie \u00e8 un piccolo file di testo contenente una certa quantit\u00e0 di informazioni scambiato tra un sito internet ed il tuo terminale (solitamente il browser) ed \u00e8 normalmente utilizzato dal gestore del sito internet per memorizzare le informazioni necessarie a migliorare la navigazione all\u2019interno del sito ovvero per inviare messaggi pubblicitari in linea con le preferenze manifestate dall\u2019utente nell\u2019ambito della navigazione in rete. Quando si visita di nuovo lo stesso sito o qualunque altro sito il dispositivo dell\u2019utente verifica la presenza di un cookie riconosciuto, in modo da potere leggere le informazioni in esso contenute. I diversi cookie contengono informazioni diverse e sono utilizzati per scopi differenti (navigazione efficiente nelle pagine di un medesimo sito, profilazione al fine di inviare messaggi promozionali mirati, analisi sul numero delle visite al sito).<\/p>\n<p>Nel corso della navigazione l\u2019utente pu\u00f2 ricevere sul suo terminale anche cookie inviati da siti o da web server diversi (c.d. terze parti), sui quali possono risiedere alcuni elementi (ad es. immagini, mappe, suoni, specifici link a pagine di altri domini) presenti sul sito che l\u2019utente sta visitando.<\/p>\n<p>Pi\u00f9 in generale, alcuni cookie (definiti cookie di sessione) sono assegnati al dispositivo dell\u2019utente soltanto per la durata dell\u2019accesso al sito e scadono automaticamente alla chiusura del browser. Altri cookie (definiti persistenti) restano nel dispositivo per un periodo di tempo prolungato.<\/p>\n<p>Le specifiche finalit\u00e0 delle diverse tipologie di cookie installati in questo sito sono di seguito descritte.<\/p>\n<p>Puoi disattivare i cookie seguendo le informazioni di seguito riportate.<\/p>\n<h2>COOKIES UTILIZZATI DA QUESTO SITO E LORO FINALITA\u2019<\/h2>\n<p>In conformit\u00e0 a quanto disposto dal Provvedimento n\u00b0229\/2014 del Garante per la protezione dei dati personali, si informa che questo sito si avvale dei c.d. \u201ccookies di profilazione\u201d nel pieno rispetto della privacy della propria utenza, oltre a \u201ccookies tecnici e di sessione\u201d e \u201ccookie analitici\u201d, che vengono istallati automaticamente a seguito dell\u2019accesso al sito stesso, per il corretto funzionamento, questo sito.<\/p>\n<h2>Cookie analitici<\/h2>\n<p>Si tratta di cookie utilizzati per analisi statistiche, per migliorare il sito e semplificarne l\u2019utilizzo oltre che per monitorarne il corretto funzionamento. Questo tipo di cookie raccoglie informazioni in forma anonima sull\u2019attivit\u00e0\u00a0 degli utenti nel sito. Questo tipo di cookie viene erogato esclusivamente da terze parti.<\/p>\n<h2>RIMOZIONE DEI COOKIE<\/h2>\n<p>La maggioranza dei browser \u00e8 inizialmente impostata per accettare i cookie in modo automatico. L\u2019Utente pu\u00f2 modificare tale impostazione per bloccare i cookie o per evitare che alcuni cookie vengano archiviati sul proprio dispositivo.<\/p>\n<p>Per le informative e per disattivare i cookie vai sul sito:<\/p>\n<p><a href=\"http:\/\/www.youronlinechoices.com\/it\">www.youronlinechoices.com\/it<\/a><\/p>\n<p><em><strong>Teniamo a precisare che la disattivazione, anche parziale, dei cookie potrebbe rendere il sito non fruibile alla navigazione.<\/strong><\/em><\/p>\n<h2>DIRITTI DELL\u2019INTERESSATO<\/h2>\n<p>Ai sensi dell\u2019art. 7 Codice Privacy, in qualsiasi momento l\u2019interessato ha diritto di ottenere la conferma dell\u2019esistenza o meno dei dati che lo riguardano e di conoscerne il contenuto e l\u2019origine, di verificarne l\u2019esattezza o chiederne l\u2019integrazione o l\u2019aggiornamento, oppure la rettificazione. Ha altres\u00ec il diritto di chiedere la cancellazione, la trasformazione in forma anonima o il blocco dei dati trattati in violazione di legge, nonch\u00e9 di opporsi per motivi legittimi al trattamento dei dati che la riguardano. Le relative richieste vanno rivolte al titolare del trattamento, al seguente indirizzo di posta elettronica:\u00a0<a href=\"mailto:info@ristoranteirma.it\">info@ristoranteirma.it<\/a><\/p>\n<h3><strong>Diritti dell&#8217;utente<\/strong><\/h3>\n<p>Ai sensi del Regolamento europeo 679\/2016 (GDPR) e della normativa nazionale, l&#8217;Utente pu\u00f2, secondo le modalit\u00e0 e nei limiti previsti dalla vigente normativa, esercitare i deguenti diritti:<\/p>\n<p>&#8211; richiedere la conferma dell&#8217;esistenza di dati personali che lo riguardano (diritto di accesso);<br \/>\n&#8211; conoscerne l&#8217;origine;<br \/>\n&#8211; riceverne comunicazione intelligibile;<br \/>\n&#8211; avere informazioni circa la logica, le modalit\u00e0 e le finalit\u00e0 del trattamento;<br \/>\n&#8211; richiederne l&#8217;aggiornamento, la rettifica, l&#8217;integrazione, la cancellazione, la trasformazione in forma anonima, il blocco dei dati trattati in violazione di legge, ivi compresi quelli non pi\u00f9 necessari al perseguimento degli scopi per i quali sono stati raccolti;<br \/>\n&#8211; nei casi di trattamento basato su consenso, ricevere al solo costo dell\u2019eventuale supporto, i suoi dati forniti al titolare, in forma strutturata e leggibile da un elaboratore di dati e in un formato comunemente usato da un dispositivo elettronico;<br \/>\n&#8211; il diritto di presentare un reclamo all\u2019Autorit\u00e0 di controllo (Garante Privacy)<br \/>\n&#8211; nonch\u00e9, pi\u00f9 in generale, esercitare tutti i diritti che gli sono riconosciuti dalle vigenti disposizioni di legge.<\/p>\n<p>Le richieste vanno rivolte al Titolare del trattamento.<\/p>\n<p>Nel caso in cui i dati siano trattati in base ai\u00a0<strong>legittimi interessi<\/strong>\u00a0sono comunque garantiti i diritti degli interessati al trattamento (tranne il diritto alla portabilit\u00e0 che non \u00e8 previsto dalle norme), in particolare il diritto di opposizione al trattamento che pu\u00f2 essere esercitato inviando una richiesta al titolare del trattamento.<\/p>\n<p>&nbsp;<\/p>\n<h3><strong>Titolare del trattamento<\/strong><\/h3>\n<p>Titolare del trattamento ai sensi delle leggi vigenti \u00e8 l\u2019amministratore del sito e titolare di <strong>IRMA SNC DI MARTINI PAOLO, FRANCESCO &amp;C.<\/strong>\u00a0 contattabile tramite mail a <strong>info@ristoranteirma.it<\/strong><\/p>\n<h4>Responsabile del Trattamento<\/h4>\n<p>Il web hosting <strong>SERVER PLAN S.R.L. CASSINO (FR)<\/strong> \u00e8 nominato responsabile del trattamento, elaborando i dati per conto del titolare. SERVER PLAN SRL CASSINO (FR) si trova nello Spazio Economico Europeo e agisce in conformit\u00e0 delle norme europee (policy visibile sul sito <strong>www.serverplan.com <\/strong>Google \u00e8 nominato responsabile del trattamento, elaborando dati per conto del titolare, anche per le piattaforme si Sua prospriet\u00e0 (Google Analytics, Business, Youtube, ecc).<\/p>\n<p>Facebook \u00e8 nominato responsabile del trattamento, elaborando dati per conto del titolare (Facebook ADS).<\/p>\n<p>&nbsp;<\/p>\n","protected":false},"excerpt":{"rendered":"<p>INFORMATIVA PRIVACY Diritti dell&#8217;utente Ai sensi del Regolamento europeo 679\/2016 (GDPR) e della normativa nazionale, l&#8217;Utente pu\u00f2, secondo le modalit\u00e0 e nei limiti previsti dalla vigente normativa, esercitare i seguenti diritti: &#8211; richiedere la conferma dell&#8217;esistenza di dati personali che lo riguardano (diritto di accesso); &#8211; conoscerne l&#8217;origine; &#8211; riceverne comunicazione intelligibile; &#8211; avere informazioni<\/p>\n<p><a href=\"https:\/\/www.ristoranteirma.it\/it\/?page_id=420\" class=\"more-link themebutton\">Read More<\/a><\/p>\n","protected":false},"author":9,"featured_media":0,"parent":0,"menu_order":0,"comment_status":"closed","ping_status":"closed","template":"","meta":{"footnotes":""},"_links":{"self":[{"href":"https:\/\/www.ristoranteirma.it\/it\/index.php?rest_route=\/wp\/v2\/pages\/420"}],"collection":[{"href":"https:\/\/www.ristoranteirma.it\/it\/index.php?rest_route=\/wp\/v2\/pages"}],"about":[{"href":"https:\/\/www.ristoranteirma.it\/it\/index.php?rest_route=\/wp\/v2\/types\/page"}],"author":[{"embeddable":true,"href":"https:\/\/www.ristoranteirma.it\/it\/index.php?rest_route=\/wp\/v2\/users\/9"}],"replies":[{"embeddable":true,"href":"https:\/\/www.ristoranteirma.it\/it\/index.php?rest_route=%2Fwp%2Fv2%2Fcomments&post=420"}],"version-history":[{"count":2,"href":"https:\/\/www.ristoranteirma.it\/it\/index.php?rest_route=\/wp\/v2\/pages\/420\/revisions"}],"predecessor-version":[{"id":422,"href":"https:\/\/www.ristoranteirma.it\/it\/index.php?rest_route=\/wp\/v2\/pages\/420\/revisions\/422"}],"wp:attachment":[{"href":"https:\/\/www.ristoranteirma.it\/it\/index.php?rest_route=%2Fwp%2Fv2%2Fmedia&parent=420"}],"curies":[{"name":"wp","href":"https:\/\/api.w.org\/{rel}","templated":true}]}}